{"id":28625,"date":"2017-08-31T15:54:53","date_gmt":"2017-08-31T15:54:53","guid":{"rendered":"https:\/\/caroliprint.mc\/decoration\/?lang=en"},"modified":"2020-08-13T13:38:58","modified_gmt":"2020-08-13T13:38:58","slug":"decoration","status":"publish","type":"page","link":"https:\/\/caroliprint.mc\/en\/decoration\/","title":{"rendered":"D\u00c9CORATION"},"content":{"rendered":"<p>[vc_row][vc_column][vc_column_text]Camion, voiture, vitrine, palissade\u2026 Nous consid\u00e9rons que chaque support que vous utilisez dans le cadre de votre activit\u00e9 est un v\u00e9ritable miroir de votre soci\u00e9t\u00e9. C\u2019est pour cette raison que nous proposons des solutions d\u2019impression d\u2019adh\u00e9sif et de d\u00e9coration sur-mesure en fonction de tous vos besoins. Pour tenir cet engagement, nous nous sommes associ\u00e9s \u00e0 la technologie des plus grands fabricants du monde de l\u2019imprimerie comme 3M, AVERY, MACTAC, FERRARI, DIXSON, MELHER, 3A composite\u2026[\/vc_column_text][\/vc_column][\/vc_row][vc_row][vc_column][ess_grid alias=&#8221;Deco&#8221;][\/vc_column][\/vc_row]<\/p>\n","protected":false},"excerpt":{"rendered":"<p>[vc_row][vc_column][vc_column_text]Camion, voiture, vitrine, palissade\u2026 Nous consid\u00e9rons que chaque support que vous utilisez dans le cadre de votre activit\u00e9 est un v\u00e9ritable miroir de votre soci\u00e9t\u00e9. C\u2019est pour cette raison que nous proposons des solutions d\u2019impression d\u2019adh\u00e9sif et de d\u00e9coration sur-mesure en fonction de tous vos besoins. Pour tenir cet engagement, nous nous sommes associ\u00e9s \u00e0<\/p>\n","protected":false},"author":2,"featured_media":0,"parent":0,"menu_order":0,"comment_status":"closed","ping_status":"closed","template":"","meta":[],"_links":{"self":[{"href":"https:\/\/caroliprint.mc\/en\/wp-json\/wp\/v2\/pages\/28625"}],"collection":[{"href":"https:\/\/caroliprint.mc\/en\/wp-json\/wp\/v2\/pages"}],"about":[{"href":"https:\/\/caroliprint.mc\/en\/wp-json\/wp\/v2\/types\/page"}],"author":[{"embeddable":true,"href":"https:\/\/caroliprint.mc\/en\/wp-json\/wp\/v2\/users\/2"}],"replies":[{"embeddable":true,"href":"https:\/\/caroliprint.mc\/en\/wp-json\/wp\/v2\/comments?post=28625"}],"version-history":[{"count":4,"href":"https:\/\/caroliprint.mc\/en\/wp-json\/wp\/v2\/pages\/28625\/revisions"}],"predecessor-version":[{"id":28892,"href":"https:\/\/caroliprint.mc\/en\/wp-json\/wp\/v2\/pages\/28625\/revisions\/28892"}],"wp:attachment":[{"href":"https:\/\/caroliprint.mc\/en\/wp-json\/wp\/v2\/media?parent=28625"}],"curies":[{"name":"wp","href":"https:\/\/api.w.org\/{rel}","templated":true}]}}