{"id":28624,"date":"2017-08-31T15:56:12","date_gmt":"2017-08-31T15:56:12","guid":{"rendered":"https:\/\/caroliprint.mc\/signaletique\/?lang=en"},"modified":"2020-08-13T13:40:49","modified_gmt":"2020-08-13T13:40:49","slug":"signaletique","status":"publish","type":"page","link":"https:\/\/caroliprint.mc\/en\/signaletique\/","title":{"rendered":"SIGNAL\u00c9TIQUE"},"content":{"rendered":"<p>[vc_row][vc_column][vc_column_text]De la signal\u00e9tique classique aux nouvelles expressions modernes de signalisation, nos techniques d\u2019impression permettent de multiples r\u00e9alisations personnalis\u00e9es. Bureaux, salons, expositions, show-room\u2026 Nous r\u00e9alisons et imprimons vos panneaux, affiches et plans, de l\u2019unit\u00e9 \u00e0 la s\u00e9rie.[\/vc_column_text][\/vc_column][\/vc_row][vc_row][vc_column][ess_grid alias=&#8221;Signa&#8221;][\/vc_column][\/vc_row]<\/p>\n","protected":false},"excerpt":{"rendered":"<p>[vc_row][vc_column][vc_column_text]De la signal\u00e9tique classique aux nouvelles expressions modernes de signalisation, nos techniques d\u2019impression permettent de multiples r\u00e9alisations personnalis\u00e9es. Bureaux, salons, expositions, show-room\u2026 Nous r\u00e9alisons et imprimons vos panneaux, affiches et plans, de l\u2019unit\u00e9 \u00e0 la s\u00e9rie.[\/vc_column_text][\/vc_column][\/vc_row][vc_row][vc_column][ess_grid alias=&#8221;Signa&#8221;][\/vc_column][\/vc_row]<\/p>\n","protected":false},"author":2,"featured_media":0,"parent":0,"menu_order":0,"comment_status":"closed","ping_status":"closed","template":"","meta":[],"_links":{"self":[{"href":"https:\/\/caroliprint.mc\/en\/wp-json\/wp\/v2\/pages\/28624"}],"collection":[{"href":"https:\/\/caroliprint.mc\/en\/wp-json\/wp\/v2\/pages"}],"about":[{"href":"https:\/\/caroliprint.mc\/en\/wp-json\/wp\/v2\/types\/page"}],"author":[{"embeddable":true,"href":"https:\/\/caroliprint.mc\/en\/wp-json\/wp\/v2\/users\/2"}],"replies":[{"embeddable":true,"href":"https:\/\/caroliprint.mc\/en\/wp-json\/wp\/v2\/comments?post=28624"}],"version-history":[{"count":5,"href":"https:\/\/caroliprint.mc\/en\/wp-json\/wp\/v2\/pages\/28624\/revisions"}],"predecessor-version":[{"id":28895,"href":"https:\/\/caroliprint.mc\/en\/wp-json\/wp\/v2\/pages\/28624\/revisions\/28895"}],"wp:attachment":[{"href":"https:\/\/caroliprint.mc\/en\/wp-json\/wp\/v2\/media?parent=28624"}],"curies":[{"name":"wp","href":"https:\/\/api.w.org\/{rel}","templated":true}]}}