{"id":28617,"date":"2017-08-31T15:51:13","date_gmt":"2017-08-31T15:51:13","guid":{"rendered":"https:\/\/caroliprint.mc\/affichage\/?lang=en"},"modified":"2020-08-13T13:37:37","modified_gmt":"2020-08-13T13:37:37","slug":"affichage","status":"publish","type":"page","link":"https:\/\/caroliprint.mc\/en\/affichage\/","title":{"rendered":"AFFICHAGE"},"content":{"rendered":"<p>[vc_row][vc_column][vc_column_text]Nos experts imprimeurs r\u00e9alisent pour vous tous les types d\u2019affichage (kak\u00e9monos, toile \u00e9chafaudage, affiche 4\u00d73\u2026). Nous pouvons \u00e9galement imprimer jusqu\u2019\u00e0 3 m\u00e8tres de laize.[\/vc_column_text][\/vc_column][\/vc_row][vc_row][vc_column][ess_grid alias=&#8221;Affichage&#8221;][\/vc_column][\/vc_row]<\/p>\n","protected":false},"excerpt":{"rendered":"<p>[vc_row][vc_column][vc_column_text]Nos experts imprimeurs r\u00e9alisent pour vous tous les types d\u2019affichage (kak\u00e9monos, toile \u00e9chafaudage, affiche 4\u00d73\u2026). Nous pouvons \u00e9galement imprimer jusqu\u2019\u00e0 3 m\u00e8tres de laize.[\/vc_column_text][\/vc_column][\/vc_row][vc_row][vc_column][ess_grid alias=&#8221;Affichage&#8221;][\/vc_column][\/vc_row]<\/p>\n","protected":false},"author":2,"featured_media":0,"parent":0,"menu_order":0,"comment_status":"closed","ping_status":"closed","template":"","meta":[],"_links":{"self":[{"href":"https:\/\/caroliprint.mc\/en\/wp-json\/wp\/v2\/pages\/28617"}],"collection":[{"href":"https:\/\/caroliprint.mc\/en\/wp-json\/wp\/v2\/pages"}],"about":[{"href":"https:\/\/caroliprint.mc\/en\/wp-json\/wp\/v2\/types\/page"}],"author":[{"embeddable":true,"href":"https:\/\/caroliprint.mc\/en\/wp-json\/wp\/v2\/users\/2"}],"replies":[{"embeddable":true,"href":"https:\/\/caroliprint.mc\/en\/wp-json\/wp\/v2\/comments?post=28617"}],"version-history":[{"count":3,"href":"https:\/\/caroliprint.mc\/en\/wp-json\/wp\/v2\/pages\/28617\/revisions"}],"predecessor-version":[{"id":28889,"href":"https:\/\/caroliprint.mc\/en\/wp-json\/wp\/v2\/pages\/28617\/revisions\/28889"}],"wp:attachment":[{"href":"https:\/\/caroliprint.mc\/en\/wp-json\/wp\/v2\/media?parent=28617"}],"curies":[{"name":"wp","href":"https:\/\/api.w.org\/{rel}","templated":true}]}}