{"id":28615,"date":"2017-08-31T15:57:08","date_gmt":"2017-08-31T15:57:08","guid":{"rendered":"https:\/\/caroliprint.mc\/amenagement\/?lang=en"},"modified":"2020-08-13T13:38:20","modified_gmt":"2020-08-13T13:38:20","slug":"amenagement","status":"publish","type":"page","link":"https:\/\/caroliprint.mc\/en\/amenagement\/","title":{"rendered":"AM\u00c9NAGEMENT"},"content":{"rendered":"<p>[vc_row][vc_column][vc_column_text]En mati\u00e8re d\u2019am\u00e9nagement, qualit\u00e9 et pr\u00e9cision d\u2019impression sont primordiales pour satisfaire les clients les plus exigeants. Un objectif que l\u2019imprimeur Caroli Print a su atteindre pour lier des partenariats avec les plus grandes institutions de Monaco.[\/vc_column_text][\/vc_column][\/vc_row][vc_row][vc_column][ess_grid alias=&#8221;AM\u00c9NAGEMENT&#8221;][\/vc_column][\/vc_row]<\/p>\n","protected":false},"excerpt":{"rendered":"<p>[vc_row][vc_column][vc_column_text]En mati\u00e8re d\u2019am\u00e9nagement, qualit\u00e9 et pr\u00e9cision d\u2019impression sont primordiales pour satisfaire les clients les plus exigeants. Un objectif que l\u2019imprimeur Caroli Print a su atteindre pour lier des partenariats avec les plus grandes institutions de Monaco.[\/vc_column_text][\/vc_column][\/vc_row][vc_row][vc_column][ess_grid alias=&#8221;AM\u00c9NAGEMENT&#8221;][\/vc_column][\/vc_row]<\/p>\n","protected":false},"author":2,"featured_media":0,"parent":0,"menu_order":0,"comment_status":"closed","ping_status":"closed","template":"","meta":[],"_links":{"self":[{"href":"https:\/\/caroliprint.mc\/en\/wp-json\/wp\/v2\/pages\/28615"}],"collection":[{"href":"https:\/\/caroliprint.mc\/en\/wp-json\/wp\/v2\/pages"}],"about":[{"href":"https:\/\/caroliprint.mc\/en\/wp-json\/wp\/v2\/types\/page"}],"author":[{"embeddable":true,"href":"https:\/\/caroliprint.mc\/en\/wp-json\/wp\/v2\/users\/2"}],"replies":[{"embeddable":true,"href":"https:\/\/caroliprint.mc\/en\/wp-json\/wp\/v2\/comments?post=28615"}],"version-history":[{"count":5,"href":"https:\/\/caroliprint.mc\/en\/wp-json\/wp\/v2\/pages\/28615\/revisions"}],"predecessor-version":[{"id":28898,"href":"https:\/\/caroliprint.mc\/en\/wp-json\/wp\/v2\/pages\/28615\/revisions\/28898"}],"wp:attachment":[{"href":"https:\/\/caroliprint.mc\/en\/wp-json\/wp\/v2\/media?parent=28615"}],"curies":[{"name":"wp","href":"https:\/\/api.w.org\/{rel}","templated":true}]}}