{"id":28608,"date":"2017-08-31T15:58:59","date_gmt":"2017-08-31T15:58:59","guid":{"rendered":"https:\/\/caroliprint.mc\/produit\/?lang=en"},"modified":"2020-08-13T13:39:40","modified_gmt":"2020-08-13T13:39:40","slug":"produits","status":"publish","type":"page","link":"https:\/\/caroliprint.mc\/en\/produits\/","title":{"rendered":"PRODUITS"},"content":{"rendered":"<p>[vc_row][vc_column][vc_column_text]Conseiller le juste produit pour nos clients fait partie de nos objectifs prioritaires. Pour nous, un bon produit d\u2019affichage combine \u00e0 la fois pertinence et visibilit\u00e9 pour mettre en valeur votre contenu de la meilleure mani\u00e8re possible. C\u2019est pour satisfaire cette exigence que nous proposons \u00e0 nos clients tout un ensemble de produits innovants et brevet\u00e9s.[\/vc_column_text][\/vc_column][\/vc_row][vc_row][vc_column][ess_grid alias=&#8221;Produit&#8221;][\/vc_column][\/vc_row]<\/p>\n","protected":false},"excerpt":{"rendered":"<p>[vc_row][vc_column][vc_column_text]Conseiller le juste produit pour nos clients fait partie de nos objectifs prioritaires. Pour nous, un bon produit d\u2019affichage combine \u00e0 la fois pertinence et visibilit\u00e9 pour mettre en valeur votre contenu de la meilleure mani\u00e8re possible. C\u2019est pour satisfaire cette exigence que nous proposons \u00e0 nos clients tout un ensemble de produits innovants et<\/p>\n","protected":false},"author":2,"featured_media":0,"parent":0,"menu_order":0,"comment_status":"closed","ping_status":"closed","template":"","meta":[],"_links":{"self":[{"href":"https:\/\/caroliprint.mc\/en\/wp-json\/wp\/v2\/pages\/28608"}],"collection":[{"href":"https:\/\/caroliprint.mc\/en\/wp-json\/wp\/v2\/pages"}],"about":[{"href":"https:\/\/caroliprint.mc\/en\/wp-json\/wp\/v2\/types\/page"}],"author":[{"embeddable":true,"href":"https:\/\/caroliprint.mc\/en\/wp-json\/wp\/v2\/users\/2"}],"replies":[{"embeddable":true,"href":"https:\/\/caroliprint.mc\/en\/wp-json\/wp\/v2\/comments?post=28608"}],"version-history":[{"count":7,"href":"https:\/\/caroliprint.mc\/en\/wp-json\/wp\/v2\/pages\/28608\/revisions"}],"predecessor-version":[{"id":28901,"href":"https:\/\/caroliprint.mc\/en\/wp-json\/wp\/v2\/pages\/28608\/revisions\/28901"}],"wp:attachment":[{"href":"https:\/\/caroliprint.mc\/en\/wp-json\/wp\/v2\/media?parent=28608"}],"curies":[{"name":"wp","href":"https:\/\/api.w.org\/{rel}","templated":true}]}}