{"id":28599,"date":"2017-04-29T23:15:42","date_gmt":"2017-04-29T23:15:42","guid":{"rendered":"https:\/\/caroliprint.mc\/services\/?lang=en"},"modified":"2020-08-13T13:40:18","modified_gmt":"2020-08-13T13:40:18","slug":"services","status":"publish","type":"page","link":"https:\/\/caroliprint.mc\/en\/services\/","title":{"rendered":"SERVICES"},"content":{"rendered":"<p>[vc_row bg_type=&#8221;bg_color&#8221; bg_override=&#8221;full&#8221; animation_type=&#8221;h&#8221; horizontal_animation=&#8221;left-animation&#8221; vertical_animation=&#8221;top-animation&#8221; padding_top=&#8221;60px&#8221; css=&#8221;.vc_custom_1504195775663{padding-bottom: 15px !important;}&#8221;][vc_column width=&#8221;1\/4&#8243;]<div data-id=\"mpc_callout-7969effaf79a3da\" class=\"mpc-callout mpc-init mpc-callout--style_3 \" ><div class=\"mpc-callout__icon-wrap mpc-icon--image\"><div class=\"mpc-callout__icon\"><i class=\"mpc-transition \"><img class=\"\" src=\"https:\/\/caroliprint.mc\/wp-content\/uploads\/2017\/08\/stand-GF-Sportel-habillage-stand-adhesif2-1000X600pxl-250x200.jpg\" width=\"250\" height=\"200\" alt=\"stand - GF Sportel - habillage stand adhesif2-1000X600pxl\" title=\"stand - GF Sportel - habillage stand adhesif2-1000X600pxl\" \/><\/i><\/div><\/div><div class=\"mpc-callout__content\"><div data-id=\"mpc_divider-5969effaf79a450\" class=\"mpc-divider-wrap\"><div class=\"mpc-divider mpc-init mpc-align--center mpc-disable--left \" ><div class=\"mpc-divider__line mpc-side--left\"><span><\/span><\/div><div class=\"mpc-divider__line mpc-side--right\"><span><\/span><\/div><\/div><\/div><h3 class=\"mpc-callout__heading mpc-typography--mpc_preset_111\">AFFICHAGE<\/h3><div class=\"mpc-callout__description mpc-typography--mpc_preset_111\"><p>Nous r\u00e9alisons l\u2019impression de tous les types d\u2019affichage (kak\u00e9monos, toile, \u00e9chafaudage, affiche 4&#215;3\u2026) et imprimons jusqu\u2019\u00e0 3 m\u00e8tres de laize.<\/p>\n<\/div><\/div><div class=\"mpc-callout__button\"><a href=\"http:\/\/caroliprint.mc\/affichage\/\" target=\"\" title=\"Link\"  data-id=\"mpc_button-7069effaf79a426\" class=\"mpc-button mpc-init mpc-transition mpc-typography--mpc_preset_20 \" ><div class=\"mpc-button__content mpc-effect-type--none mpc-effect-side--none\"><span class=\"mpc-button__title mpc-transition\">VOIR PLUS<\/span><\/div><div class=\"mpc-button__background mpc-transition mpc-effect-type--slide mpc-effect-side--top\"><\/div><\/a><\/div><\/div>[\/vc_column][vc_column width=&#8221;1\/4&#8243;]<div data-id=\"mpc_callout-7569effaf79a7fa\" class=\"mpc-callout mpc-init mpc-callout--style_3 \" ><div class=\"mpc-callout__icon-wrap mpc-icon--image\"><div class=\"mpc-callout__icon\"><i class=\"mpc-transition \"><img class=\"\" src=\"https:\/\/caroliprint.mc\/wp-content\/uploads\/2017\/08\/Point-de-vente-magasin-decoration-vitrine-adhesif1-1000X600pxl-250x200.jpg\" width=\"250\" height=\"200\" alt=\"Point de vente - magasin - decoration vitrine - adhesif1-1000X600pxl\" title=\"Point de vente - magasin - decoration vitrine - adhesif1-1000X600pxl\" \/><\/i><\/div><\/div><div class=\"mpc-callout__content\"><div data-id=\"mpc_divider-8469effaf79a84d\" class=\"mpc-divider-wrap\"><div class=\"mpc-divider mpc-init mpc-align--center mpc-disable--left \" ><div class=\"mpc-divider__line mpc-side--left\"><span><\/span><\/div><div class=\"mpc-divider__line mpc-side--right\"><span><\/span><\/div><\/div><\/div><h3 class=\"mpc-callout__heading mpc-typography--mpc_preset_111\">D\u00c9CORATION<\/h3><div class=\"mpc-callout__description mpc-typography--mpc_preset_111\"><p>Chacun de vos supports est un v\u00e9ritable miroir de votre soci\u00e9t\u00e9. C\u2019est pour cette raison que nous proposons des solutions d\u2019impression et de d\u00e9coration sur-mesure en fonction de vos besoins.<\/p>\n<\/div><\/div><div class=\"mpc-callout__button\"><a href=\"http:\/\/caroliprint.mc\/decoration\/\" target=\"\" title=\"Link\"  data-id=\"mpc_button-6569effaf79a82e\" class=\"mpc-button mpc-init mpc-transition mpc-typography--mpc_preset_20 \" ><div class=\"mpc-button__content mpc-effect-type--none mpc-effect-side--none\"><span class=\"mpc-button__title mpc-transition\">VOIR PLUS<\/span><\/div><div class=\"mpc-button__background mpc-transition mpc-effect-type--slide mpc-effect-side--top\"><\/div><\/a><\/div><\/div>[\/vc_column][vc_column width=&#8221;1\/4&#8243;]<div data-id=\"mpc_callout-3669effaf79bca2\" class=\"mpc-callout mpc-init mpc-callout--style_3 \" ><div class=\"mpc-callout__icon-wrap mpc-icon--image\"><div class=\"mpc-callout__icon\"><i class=\"mpc-transition \"><img class=\"\" src=\"https:\/\/caroliprint.mc\/wp-content\/uploads\/2017\/04\/Stand-Foire-de-Monaco-habillage-stand1-250x200.jpg\" width=\"250\" height=\"200\" alt=\"Stand - Foire de Monaco - habillage stand1\" title=\"Stand - Foire de Monaco - habillage stand1\" \/><\/i><\/div><\/div><div class=\"mpc-callout__content\"><div data-id=\"mpc_divider-9869effaf79bcfc\" class=\"mpc-divider-wrap\"><div class=\"mpc-divider mpc-init mpc-align--center mpc-disable--left \" ><div class=\"mpc-divider__line mpc-side--left\"><span><\/span><\/div><div class=\"mpc-divider__line mpc-side--right\"><span><\/span><\/div><\/div><\/div><h3 class=\"mpc-callout__heading mpc-typography--mpc_preset_111\">SIGNAL\u00c9TIQUE<\/h3><div class=\"mpc-callout__description mpc-typography--mpc_preset_111\"><p>Bureaux, salons, expositions, show-rooms\u2026 Nous r\u00e9alisons et imprimons vos panneaux, affiches et plans, de l\u2019unit\u00e9 \u00e0 la s\u00e9rie.<\/p>\n<\/div><\/div><div class=\"mpc-callout__button\"><a href=\"http:\/\/caroliprint.mc\/signaletique\/\" target=\"\" title=\"Link\"  data-id=\"mpc_button-7669effaf79bcd8\" class=\"mpc-button mpc-init mpc-transition mpc-typography--mpc_preset_20 \" ><div class=\"mpc-button__content mpc-effect-type--none mpc-effect-side--none\"><span class=\"mpc-button__title mpc-transition\">VOIR PLUS<\/span><\/div><div class=\"mpc-button__background mpc-transition mpc-effect-type--slide mpc-effect-side--top\"><\/div><\/a><\/div><\/div>[\/vc_column][vc_column width=&#8221;1\/4&#8243;]<div data-id=\"mpc_callout-6269effaf79d030\" class=\"mpc-callout mpc-init mpc-callout--style_3 \" ><div class=\"mpc-callout__icon-wrap mpc-icon--image\"><div class=\"mpc-callout__icon\"><i class=\"mpc-transition \"><img class=\"\" src=\"https:\/\/caroliprint.mc\/wp-content\/uploads\/2017\/08\/MS2-Slider1-250x200.jpg\" width=\"250\" height=\"200\" alt=\"MS2-Slider1\" title=\"MS2-Slider1\" \/><\/i><\/div><\/div><div class=\"mpc-callout__content\"><div data-id=\"mpc_divider-8269effaf79d089\" class=\"mpc-divider-wrap\"><div class=\"mpc-divider mpc-init mpc-align--center mpc-disable--left \" ><div class=\"mpc-divider__line mpc-side--left\"><span><\/span><\/div><div class=\"mpc-divider__line mpc-side--right\"><span><\/span><\/div><\/div><\/div><h3 class=\"mpc-callout__heading mpc-typography--mpc_preset_111\">AM\u00c9NAGEMENT<\/h3><div class=\"mpc-callout__description mpc-typography--mpc_preset_111\"><p>Qualit\u00e9 et pr\u00e9cision d\u2019impression sont primordiales pour satisfaire les clients les plus exigeants. Un objectif que Caroli Print a su atteindre pour travailler avec les plus grandes institutions de Monaco.<\/p>\n<\/div><\/div><div class=\"mpc-callout__button\"><a href=\"http:\/\/caroliprint.mc\/amenagement\/\" target=\"\" title=\"Link\"  data-id=\"mpc_button-6369effaf79d069\" class=\"mpc-button mpc-init mpc-transition mpc-typography--mpc_preset_20 \" ><div class=\"mpc-button__content mpc-effect-type--none mpc-effect-side--none\"><span class=\"mpc-button__title mpc-transition\">VOIR PLUS<\/span><\/div><div class=\"mpc-button__background mpc-transition mpc-effect-type--slide mpc-effect-side--top\"><\/div><\/a><\/div><\/div>[\/vc_column][\/vc_row]<\/p>\n","protected":false},"excerpt":{"rendered":"<p>[vc_row bg_type=&#8221;bg_color&#8221; bg_override=&#8221;full&#8221; animation_type=&#8221;h&#8221; horizontal_animation=&#8221;left-animation&#8221; vertical_animation=&#8221;top-animation&#8221; padding_top=&#8221;60px&#8221; css=&#8221;.vc_custom_1504195775663{padding-bottom: 15px !important;}&#8221;][vc_column width=&#8221;1\/4&#8243;][\/vc_column][vc_column width=&#8221;1\/4&#8243;][\/vc_column][vc_column width=&#8221;1\/4&#8243;][\/vc_column][vc_column width=&#8221;1\/4&#8243;][\/vc_column][\/vc_row]<\/p>\n","protected":false},"author":2,"featured_media":0,"parent":0,"menu_order":0,"comment_status":"closed","ping_status":"closed","template":"","meta":[],"_links":{"self":[{"href":"https:\/\/caroliprint.mc\/en\/wp-json\/wp\/v2\/pages\/28599"}],"collection":[{"href":"https:\/\/caroliprint.mc\/en\/wp-json\/wp\/v2\/pages"}],"about":[{"href":"https:\/\/caroliprint.mc\/en\/wp-json\/wp\/v2\/types\/page"}],"author":[{"embeddable":true,"href":"https:\/\/caroliprint.mc\/en\/wp-json\/wp\/v2\/users\/2"}],"replies":[{"embeddable":true,"href":"https:\/\/caroliprint.mc\/en\/wp-json\/wp\/v2\/comments?post=28599"}],"version-history":[{"count":8,"href":"https:\/\/caroliprint.mc\/en\/wp-json\/wp\/v2\/pages\/28599\/revisions"}],"predecessor-version":[{"id":28913,"href":"https:\/\/caroliprint.mc\/en\/wp-json\/wp\/v2\/pages\/28599\/revisions\/28913"}],"wp:attachment":[{"href":"https:\/\/caroliprint.mc\/en\/wp-json\/wp\/v2\/media?parent=28599"}],"curies":[{"name":"wp","href":"https:\/\/api.w.org\/{rel}","templated":true}]}}